{"id":1747,"date":"2020-09-17T18:31:54","date_gmt":"2020-09-17T15:31:54","guid":{"rendered":"https:\/\/hearth-movement.rktv.ee\/home\/"},"modified":"2026-03-04T11:28:22","modified_gmt":"2026-03-04T09:28:22","slug":"home","status":"publish","type":"page","link":"https:\/\/hearth-movement.rktv.ee\/en\/","title":{"rendered":"Home"},"content":{"rendered":"\n<section class=\"front-header-block color-white position-relative overflow-hidden pt-118 pb-80 pb-lg-140\" >\n            <div class=\"d-none d-lg-block no-lazy bg-center position-absolute w-100 h-100 top-0 left-0\" style=\"background-image: url(https:\/\/hearth-movement.rktv.ee\/wp-content\/uploads\/2026\/02\/TAUST.svg);\"><\/div>\n    \n            <div class=\"d-block d-lg-none no-lazy bg-center position-absolute w-100 h-100 top-0 left-0\" style=\"background-image: url(https:\/\/hearth-movement.rktv.ee\/wp-content\/uploads\/2026\/02\/Group-105.svg);\"><\/div>\n    \n            <div class=\"container h-100 d-flex flex-column justify-content-between\">\n                            <img loading=\"lazy\" decoding=\"async\" class=\"fade-in\" src=\"https:\/\/hearth-movement.rktv.ee\/wp-content\/uploads\/2026\/02\/LOGO.svg\" width=\"465\" height=\"86\" alt=\"\" \/>\n            \n                            <h1 class=\"fs-80 font-season color-lightpurple mt-auto\">Juhtimise ja <br> inimese enese-<br>arengu kohtumispaik<\/h1>\n                    <\/div>\n    <\/section>\n\n\n<section class=\"text-image-block overflow-hidden layout-type-reversed hide-image-in-mobile\"  style=\"background-color: #c2bede\">\n    <div class=\"container\">\n        <div class=\"row flex-row-reverse\">\n            <div class=\"text d-flex align-items-center col col-lg-6 col-12\">\n                <div class=\"text-wrapper w-100\">\n                    <h2>Maailm on muutunud.<br \/>\nJuhtimine peab<br \/>\nmuutuma koos sellega.<\/h2>\n<p>Kiirus ja l\u00fchiajalised lahendused ei kanna. T\u00e4nases ebakindlas maailmas s\u00fcnnivad kestvad tulemused selgusest, kohalolust ja vastutusest.<\/p>\n<p>Hearth loob silla vana ja uue juhtimisloogika vahele. Me pakume teadlikku teekonda juhtidele ja organisatsioonidele, kes v\u00e4\u00e4rtustavad pikka vaadet.<\/p>\n\n                    \n                    \n                                    <\/div>\n            <\/div>\n\n                            <div class=\"image  col col-lg-6 col-12 d-none d-lg-block fade-in fade-in-up mt-lg-0 mt-48\">\n                    <div class=\"image-wrapper position-relative h-100\">\n                        <img loading=\"lazy\" decoding=\"async\" src=\"https:\/\/hearth-movement.rktv.ee\/wp-content\/uploads\/2026\/02\/PILT-1.svg\" width=\"720\" height=\"918\" alt=\"\" \/>\n                    <\/div>\n                <\/div>\n                    <\/div>\n    <\/div>\n<\/section>\n\n\n<section class=\"text-image-block overflow-hidden layout-type-default hide-image-in-mobile\"  style=\"background-color: #ffe2f2\">\n    <div class=\"container\">\n        <div class=\"row\">\n            <div class=\"text d-flex align-items-center col col-lg-6 col-12\">\n                <div class=\"text-wrapper w-100\">\n                    <h2>Meie visioon on eluj\u00f5uline tulevik, mis s\u00fcnnib s\u00fcgavast inimlikkusest.<\/h2>\n\n                    \n                                            <a class=\"btn fs-32\" href=\"#contact\" target=\"_self\">\n                                                            Contact                                                    <\/a>\n                    \n                                    <\/div>\n            <\/div>\n\n                            <div class=\"image  col col-lg-6 col-12 d-none d-lg-block fade-in fade-in-up mt-lg-0 mt-48\">\n                    <div class=\"image-wrapper position-relative h-100\">\n                        <img loading=\"lazy\" decoding=\"async\" src=\"https:\/\/hearth-movement.rktv.ee\/wp-content\/uploads\/2026\/02\/PILT-2.svg\" width=\"720\" height=\"991\" alt=\"\" \/>\n                    <\/div>\n                <\/div>\n                    <\/div>\n    <\/div>\n<\/section>\n\n\n<section class=\"text-image-block overflow-hidden layout-type-reversed hide-image-in-mobile\"  style=\"background-color: #ffffff\">\n    <div class=\"container\">\n        <div class=\"row flex-row-reverse\">\n            <div class=\"text d-flex align-items-center col col-lg-6 col-12\">\n                <div class=\"text-wrapper w-100\">\n                    <h2>Hearth Movement s\u00fcndis vajadusest luua ruume ja keelt inimestele, kes liiguvad vana ja uue maailma piiril.<\/h2>\n<p>Hearth Movement s\u00fcndis vajadusest toetada juhte, kes tegutsevad vana ja uue maailma piiril. Me ei paku kiirvastuseid. Aitame s\u00f5nastada, mis on p\u00e4ris probleem ja mis on vastutus. Siis viime selle praktiliseks: selgemad otsused, ausamad vestlused ja muutused, mis j\u00e4\u00e4vad p\u00fcsima.<\/p>\n\n                    \n                    \n                                    <\/div>\n            <\/div>\n\n                            <div class=\"image  col col-lg-6 col-12 d-none d-lg-block fade-in fade-in-up mt-lg-0 mt-48\">\n                    <div class=\"image-wrapper position-relative h-100\">\n                        <img loading=\"lazy\" decoding=\"async\" src=\"https:\/\/hearth-movement.rktv.ee\/wp-content\/uploads\/2026\/02\/PILT-3.svg\" width=\"720\" height=\"995\" alt=\"\" \/>\n                    <\/div>\n                <\/div>\n                    <\/div>\n    <\/div>\n<\/section>\n\n\n<section class=\"text-image-block overflow-hidden layout-type-default hide-image-in-mobile\"  style=\"background-color: #ddd2fd\">\n    <div class=\"container\">\n        <div class=\"row\">\n            <div class=\"text d-flex align-items-center col col-lg-6 col-12\">\n                <div class=\"text-wrapper w-100\">\n                    <h2>Mihkel Tammo<br \/>\nKristjan Pe\u00e4ske<br \/>\nSabine-Karoline Kodu<br \/>\nKarl Lindam<br \/>\nMadis M\u00e4gi<\/h2>\n<p>Hearth on praktikute koht ettev\u00f5tluse ja juhtimise maailmast. Me \u00fchendame enesearengu ja juhtimise, sest p\u00e4riselus ei toimi need lahus. Meie fookus on selgusel, vastutusel ja t\u00f6\u00f6viisidel, mis aitavad seda igap\u00e4eva juhtimisse viia.<\/p>\n\n                    \n                                            <a class=\"btn fs-32\" href=\"https:\/\/hearth-movement.rktv.ee\/en\/about-us\/\" target=\"_self\">\n                                                            About Us                                                    <\/a>\n                    \n                                    <\/div>\n            <\/div>\n\n                            <div class=\"image  col col-lg-6 col-12 d-none d-lg-block fade-in fade-in-up mt-lg-0 mt-48\">\n                    <div class=\"image-wrapper position-relative h-100\">\n                        <img loading=\"lazy\" decoding=\"async\" src=\"https:\/\/hearth-movement.rktv.ee\/wp-content\/uploads\/2026\/02\/PILT-4.svg\" width=\"718\" height=\"991\" alt=\"\" \/>\n                    <\/div>\n                <\/div>\n                    <\/div>\n    <\/div>\n<\/section>\n\n\n<p><\/p>\n","protected":false},"excerpt":{"rendered":"","protected":false},"author":1,"featured_media":0,"parent":0,"menu_order":0,"comment_status":"closed","ping_status":"closed","template":"","meta":{"_acf_changed":false,"footnotes":""},"class_list":["post-1747","page","type-page","status-publish","hentry"],"acf":[],"yoast_head":"<!-- This site is optimized with the Yoast SEO plugin v27.2 - https:\/\/yoast.com\/product\/yoast-seo-wordpress\/ -->\n<title>LP Hospitality - Tipprestoranid ja \u00fcrituste korraldamine Tallinnas<\/title>\n<meta name=\"description\" content=\"LP Hospitality \u00fchendab UMA Restorani, Lee Brasserie, Lore Bistroo ja Lessner baari \u2014 Michelini tunnustusega maitsed ja k\u00fclalislahkus. Broneeri laud!\" \/>\n<meta name=\"robots\" content=\"noindex, follow, max-snippet:-1, max-image-preview:large, max-video-preview:-1\" \/>\n<meta property=\"og:locale\" content=\"en_US\" \/>\n<meta property=\"og:type\" content=\"article\" \/>\n<meta property=\"og:title\" content=\"LP Hospitality - Tipprestoranid ja \u00fcrituste korraldamine Tallinnas\" \/>\n<meta property=\"og:description\" content=\"LP Hospitality \u00fchendab UMA Restorani, Lee Brasserie, Lore Bistroo ja Lessner baari \u2014 Michelini tunnustusega maitsed ja k\u00fclalislahkus. Broneeri laud!\" \/>\n<meta property=\"og:url\" content=\"https:\/\/hearth-movement.rktv.ee\/en\/\" \/>\n<meta property=\"og:site_name\" content=\"Hearth Movement\" \/>\n<meta property=\"article:modified_time\" content=\"2026-03-04T09:28:22+00:00\" \/>\n<meta property=\"og:image\" content=\"https:\/\/hearth-movement.rktv.ee\/wp-content\/uploads\/2026\/02\/og.png\" \/>\n\t<meta property=\"og:image:width\" content=\"1200\" \/>\n\t<meta property=\"og:image:height\" content=\"630\" \/>\n\t<meta property=\"og:image:type\" content=\"image\/png\" \/>\n<meta name=\"twitter:card\" content=\"summary_large_image\" \/>\n<script type=\"application\/ld+json\" class=\"yoast-schema-graph\">{\"@context\":\"https:\/\/schema.org\",\"@graph\":[{\"@type\":\"WebPage\",\"@id\":\"https:\/\/hearth-movement.rktv.ee\/en\/\",\"url\":\"https:\/\/hearth-movement.rktv.ee\/en\/\",\"name\":\"LP Hospitality - Tipprestoranid ja \u00fcrituste korraldamine Tallinnas\",\"isPartOf\":{\"@id\":\"https:\/\/hearth-movement.rktv.ee\/en\/#website\"},\"datePublished\":\"2020-09-17T15:31:54+00:00\",\"dateModified\":\"2026-03-04T09:28:22+00:00\",\"description\":\"LP Hospitality \u00fchendab UMA Restorani, Lee Brasserie, Lore Bistroo ja Lessner baari \u2014 Michelini tunnustusega maitsed ja k\u00fclalislahkus. Broneeri laud!\",\"breadcrumb\":{\"@id\":\"https:\/\/hearth-movement.rktv.ee\/en\/#breadcrumb\"},\"inLanguage\":\"en-US\",\"potentialAction\":[{\"@type\":\"ReadAction\",\"target\":[\"https:\/\/hearth-movement.rktv.ee\/en\/\"]}]},{\"@type\":\"BreadcrumbList\",\"@id\":\"https:\/\/hearth-movement.rktv.ee\/en\/#breadcrumb\",\"itemListElement\":[{\"@type\":\"ListItem\",\"position\":1,\"name\":\"Home\",\"item\":\"https:\/\/hearth-movement.rktv.ee\/en\/\"},{\"@type\":\"ListItem\",\"position\":2,\"name\":\"Home\"}]},{\"@type\":\"WebSite\",\"@id\":\"https:\/\/hearth-movement.rktv.ee\/en\/#website\",\"url\":\"https:\/\/hearth-movement.rktv.ee\/en\/\",\"name\":\"Hearth Movement\",\"description\":\"\",\"publisher\":{\"@id\":\"https:\/\/hearth-movement.rktv.ee\/en\/#organization\"},\"potentialAction\":[{\"@type\":\"SearchAction\",\"target\":{\"@type\":\"EntryPoint\",\"urlTemplate\":\"https:\/\/hearth-movement.rktv.ee\/en\/?s={search_term_string}\"},\"query-input\":{\"@type\":\"PropertyValueSpecification\",\"valueRequired\":true,\"valueName\":\"search_term_string\"}}],\"inLanguage\":\"en-US\"},{\"@type\":\"Organization\",\"@id\":\"https:\/\/hearth-movement.rktv.ee\/en\/#organization\",\"name\":\"Hearth Movement\",\"url\":\"https:\/\/hearth-movement.rktv.ee\/en\/\",\"logo\":{\"@type\":\"ImageObject\",\"inLanguage\":\"en-US\",\"@id\":\"https:\/\/hearth-movement.rktv.ee\/en\/#\/schema\/logo\/image\/\",\"url\":\"https:\/\/hearth-movement.rktv.ee\/wp-content\/uploads\/2026\/02\/Vector.svg\",\"contentUrl\":\"https:\/\/hearth-movement.rktv.ee\/wp-content\/uploads\/2026\/02\/Vector.svg\",\"width\":499,\"height\":92,\"caption\":\"Hearth Movement\"},\"image\":{\"@id\":\"https:\/\/hearth-movement.rktv.ee\/en\/#\/schema\/logo\/image\/\"}}]}<\/script>\n<!-- \/ Yoast SEO plugin. -->","yoast_head_json":{"title":"LP Hospitality - Tipprestoranid ja \u00fcrituste korraldamine Tallinnas","description":"LP Hospitality \u00fchendab UMA Restorani, Lee Brasserie, Lore Bistroo ja Lessner baari \u2014 Michelini tunnustusega maitsed ja k\u00fclalislahkus. Broneeri laud!","robots":{"index":"noindex","follow":"follow","max-snippet":"max-snippet:-1","max-image-preview":"max-image-preview:large","max-video-preview":"max-video-preview:-1"},"og_locale":"en_US","og_type":"article","og_title":"LP Hospitality - Tipprestoranid ja \u00fcrituste korraldamine Tallinnas","og_description":"LP Hospitality \u00fchendab UMA Restorani, Lee Brasserie, Lore Bistroo ja Lessner baari \u2014 Michelini tunnustusega maitsed ja k\u00fclalislahkus. Broneeri laud!","og_url":"https:\/\/hearth-movement.rktv.ee\/en\/","og_site_name":"Hearth Movement","article_modified_time":"2026-03-04T09:28:22+00:00","og_image":[{"width":1200,"height":630,"url":"https:\/\/hearth-movement.rktv.ee\/wp-content\/uploads\/2026\/02\/og.png","type":"image\/png"}],"twitter_card":"summary_large_image","schema":{"@context":"https:\/\/schema.org","@graph":[{"@type":"WebPage","@id":"https:\/\/hearth-movement.rktv.ee\/en\/","url":"https:\/\/hearth-movement.rktv.ee\/en\/","name":"LP Hospitality - Tipprestoranid ja \u00fcrituste korraldamine Tallinnas","isPartOf":{"@id":"https:\/\/hearth-movement.rktv.ee\/en\/#website"},"datePublished":"2020-09-17T15:31:54+00:00","dateModified":"2026-03-04T09:28:22+00:00","description":"LP Hospitality \u00fchendab UMA Restorani, Lee Brasserie, Lore Bistroo ja Lessner baari \u2014 Michelini tunnustusega maitsed ja k\u00fclalislahkus. Broneeri laud!","breadcrumb":{"@id":"https:\/\/hearth-movement.rktv.ee\/en\/#breadcrumb"},"inLanguage":"en-US","potentialAction":[{"@type":"ReadAction","target":["https:\/\/hearth-movement.rktv.ee\/en\/"]}]},{"@type":"BreadcrumbList","@id":"https:\/\/hearth-movement.rktv.ee\/en\/#breadcrumb","itemListElement":[{"@type":"ListItem","position":1,"name":"Home","item":"https:\/\/hearth-movement.rktv.ee\/en\/"},{"@type":"ListItem","position":2,"name":"Home"}]},{"@type":"WebSite","@id":"https:\/\/hearth-movement.rktv.ee\/en\/#website","url":"https:\/\/hearth-movement.rktv.ee\/en\/","name":"Hearth Movement","description":"","publisher":{"@id":"https:\/\/hearth-movement.rktv.ee\/en\/#organization"},"potentialAction":[{"@type":"SearchAction","target":{"@type":"EntryPoint","urlTemplate":"https:\/\/hearth-movement.rktv.ee\/en\/?s={search_term_string}"},"query-input":{"@type":"PropertyValueSpecification","valueRequired":true,"valueName":"search_term_string"}}],"inLanguage":"en-US"},{"@type":"Organization","@id":"https:\/\/hearth-movement.rktv.ee\/en\/#organization","name":"Hearth Movement","url":"https:\/\/hearth-movement.rktv.ee\/en\/","logo":{"@type":"ImageObject","inLanguage":"en-US","@id":"https:\/\/hearth-movement.rktv.ee\/en\/#\/schema\/logo\/image\/","url":"https:\/\/hearth-movement.rktv.ee\/wp-content\/uploads\/2026\/02\/Vector.svg","contentUrl":"https:\/\/hearth-movement.rktv.ee\/wp-content\/uploads\/2026\/02\/Vector.svg","width":499,"height":92,"caption":"Hearth Movement"},"image":{"@id":"https:\/\/hearth-movement.rktv.ee\/en\/#\/schema\/logo\/image\/"}}]}},"_links":{"self":[{"href":"https:\/\/hearth-movement.rktv.ee\/en\/wp-json\/wp\/v2\/pages\/1747","targetHints":{"allow":["GET"]}}],"collection":[{"href":"https:\/\/hearth-movement.rktv.ee\/en\/wp-json\/wp\/v2\/pages"}],"about":[{"href":"https:\/\/hearth-movement.rktv.ee\/en\/wp-json\/wp\/v2\/types\/page"}],"author":[{"embeddable":true,"href":"https:\/\/hearth-movement.rktv.ee\/en\/wp-json\/wp\/v2\/users\/1"}],"replies":[{"embeddable":true,"href":"https:\/\/hearth-movement.rktv.ee\/en\/wp-json\/wp\/v2\/comments?post=1747"}],"version-history":[{"count":2,"href":"https:\/\/hearth-movement.rktv.ee\/en\/wp-json\/wp\/v2\/pages\/1747\/revisions"}],"predecessor-version":[{"id":1855,"href":"https:\/\/hearth-movement.rktv.ee\/en\/wp-json\/wp\/v2\/pages\/1747\/revisions\/1855"}],"wp:attachment":[{"href":"https:\/\/hearth-movement.rktv.ee\/en\/wp-json\/wp\/v2\/media?parent=1747"}],"curies":[{"name":"wp","href":"https:\/\/api.w.org\/{rel}","templated":true}]}}