{"id":1749,"date":"2025-05-27T09:10:59","date_gmt":"2025-05-27T06:10:59","guid":{"rendered":"https:\/\/hearth-movement.rktv.ee\/meeskond\/"},"modified":"2026-02-26T14:59:20","modified_gmt":"2026-02-26T12:59:20","slug":"team","status":"publish","type":"page","link":"https:\/\/hearth-movement.rktv.ee\/en\/team\/","title":{"rendered":"Team"},"content":{"rendered":"\n<section class=\"text-image-block overflow-hidden layout-type-reversed\"  >\n    <div class=\"container\">\n        <div class=\"row flex-row-reverse\">\n            <div class=\"text d-flex align-items-center col col-lg-6 col-12\">\n                <div class=\"text-wrapper w-100\">\n                    <h2>Hearth Movementi<br \/>\nveavad inimesed.<\/h2>\n<p>Me ei positsioneeri end k\u00f5iketeadjateks.<br \/>\nMe oleme teelolijad, kes kutsuvad teisi kaasa.<\/p>\n\n                    \n                    \n                                    <\/div>\n            <\/div>\n\n                            <div class=\"image  col col-lg-6 col-12 fade-in-up mt-lg-0 mt-48\">\n                    <div class=\"image-wrapper position-relative h-100\">\n                        <img loading=\"lazy\" decoding=\"async\" src=\"https:\/\/hearth-movement.rktv.ee\/wp-content\/uploads\/2026\/02\/PILT-1-1.png\" width=\"1440\" height=\"1554\" alt=\"\" \/>\n                    <\/div>\n                <\/div>\n                    <\/div>\n    <\/div>\n<\/section>\n\n\n<section class=\"text-image-block overflow-hidden layout-type-default\"  >\n    <div class=\"container\">\n        <div class=\"row\">\n            <div class=\"text d-flex align-items-center col col-lg-6 col-12\">\n                <div class=\"text-wrapper w-100\">\n                    <h2>John Smith<\/h2>\n<p>Kiirus ja l\u00fchiajalised lahendused ei kanna. T\u00e4nases ebakindlas maailmas s\u00fcnnivad kestvad tulemused selgusest, kohalolust ja vastutusest.<\/p>\n<p>Hearth loob silla vana ja uue juhtimisloogika vahele. Me pakume teadlikku teekonda juhtidele ja organisatsioonidele, kes v\u00e4\u00e4rtustavad pikka vaadet.<\/p>\n\n                    \n                    \n                                    <\/div>\n            <\/div>\n\n                            <div class=\"image  col col-lg-6 col-12 fade-in-up mt-lg-0 mt-48\">\n                    <div class=\"image-wrapper position-relative h-100\">\n                        <img loading=\"lazy\" decoding=\"async\" src=\"https:\/\/hearth-movement.rktv.ee\/wp-content\/uploads\/2026\/02\/PILT-2.png\" width=\"720\" height=\"777\" alt=\"\" \/>\n                    <\/div>\n                <\/div>\n                    <\/div>\n    <\/div>\n<\/section>\n\n\n<section class=\"text-image-block overflow-hidden layout-type-reversed\"  >\n    <div class=\"container\">\n        <div class=\"row flex-row-reverse\">\n            <div class=\"text d-flex align-items-center col col-lg-6 col-12\">\n                <div class=\"text-wrapper w-100\">\n                    <h2>Jane Smith<\/h2>\n<p>Kiirus ja l\u00fchiajalised lahendused ei kanna. T\u00e4nases ebakindlas maailmas s\u00fcnnivad kestvad tulemused selgusest, kohalolust ja vastutusest.<\/p>\n<p>Hearth loob silla vana ja uue juhtimisloogika vahele. Me pakume teadlikku teekonda juhtidele ja organisatsioonidele, kes v\u00e4\u00e4rtustavad pikka vaadet.<\/p>\n\n                    \n                    \n                                    <\/div>\n            <\/div>\n\n                            <div class=\"image  col col-lg-6 col-12 fade-in-up mt-lg-0 mt-48\">\n                    <div class=\"image-wrapper position-relative h-100\">\n                        <img loading=\"lazy\" decoding=\"async\" src=\"https:\/\/hearth-movement.rktv.ee\/wp-content\/uploads\/2026\/02\/PILT-3.png\" width=\"1440\" height=\"1554\" alt=\"\" \/>\n                    <\/div>\n                <\/div>\n                    <\/div>\n    <\/div>\n<\/section>\n\n\n<p><\/p>\n","protected":false},"excerpt":{"rendered":"","protected":false},"author":1,"featured_media":0,"parent":0,"menu_order":0,"comment_status":"closed","ping_status":"closed","template":"","meta":{"_acf_changed":false,"footnotes":""},"class_list":["post-1749","page","type-page","status-publish","hentry"],"acf":[],"yoast_head":"<!-- This site is optimized with the Yoast SEO plugin v27.2 - https:\/\/yoast.com\/product\/yoast-seo-wordpress\/ -->\n<title>Hearth Movement restoranid \u2013 Lore Bistroo, LEE Brasserie, UMA ja Lessner baar<\/title>\n<meta name=\"description\" content=\"Avasta LP Hospitality Michelin Guide restoranid Tallinnas \u2013 Lore Bistroo, LEE Brasserie, UMA ja Lessner baar. Broneeri laud ja koge erilisi maitseid!\" \/>\n<meta name=\"robots\" content=\"noindex, follow, max-snippet:-1, max-image-preview:large, max-video-preview:-1\" \/>\n<meta property=\"og:locale\" content=\"en_US\" \/>\n<meta property=\"og:type\" content=\"article\" \/>\n<meta property=\"og:title\" content=\"Hearth Movement restoranid \u2013 Lore Bistroo, LEE Brasserie, UMA ja Lessner baar\" \/>\n<meta property=\"og:description\" content=\"Avasta LP Hospitality Michelin Guide restoranid Tallinnas \u2013 Lore Bistroo, LEE Brasserie, UMA ja Lessner baar. Broneeri laud ja koge erilisi maitseid!\" \/>\n<meta property=\"og:url\" content=\"https:\/\/hearth-movement.rktv.ee\/en\/team\/\" \/>\n<meta property=\"og:site_name\" content=\"Hearth Movement\" \/>\n<meta property=\"article:modified_time\" content=\"2026-02-26T12:59:20+00:00\" \/>\n<meta property=\"og:image\" content=\"https:\/\/hearth-movement.rktv.ee\/wp-content\/uploads\/2026\/02\/og.png\" \/>\n\t<meta property=\"og:image:width\" content=\"1200\" \/>\n\t<meta property=\"og:image:height\" content=\"630\" \/>\n\t<meta property=\"og:image:type\" content=\"image\/png\" \/>\n<meta name=\"twitter:card\" content=\"summary_large_image\" \/>\n<script type=\"application\/ld+json\" class=\"yoast-schema-graph\">{\"@context\":\"https:\/\/schema.org\",\"@graph\":[{\"@type\":\"WebPage\",\"@id\":\"https:\/\/hearth-movement.rktv.ee\/en\/team\/\",\"url\":\"https:\/\/hearth-movement.rktv.ee\/en\/team\/\",\"name\":\"Hearth Movement restoranid \u2013 Lore Bistroo, LEE Brasserie, UMA ja Lessner baar\",\"isPartOf\":{\"@id\":\"https:\/\/hearth-movement.rktv.ee\/en\/#website\"},\"datePublished\":\"2025-05-27T06:10:59+00:00\",\"dateModified\":\"2026-02-26T12:59:20+00:00\",\"description\":\"Avasta LP Hospitality Michelin Guide restoranid Tallinnas \u2013 Lore Bistroo, LEE Brasserie, UMA ja Lessner baar. Broneeri laud ja koge erilisi maitseid!\",\"breadcrumb\":{\"@id\":\"https:\/\/hearth-movement.rktv.ee\/en\/team\/#breadcrumb\"},\"inLanguage\":\"en-US\",\"potentialAction\":[{\"@type\":\"ReadAction\",\"target\":[\"https:\/\/hearth-movement.rktv.ee\/en\/team\/\"]}]},{\"@type\":\"BreadcrumbList\",\"@id\":\"https:\/\/hearth-movement.rktv.ee\/en\/team\/#breadcrumb\",\"itemListElement\":[{\"@type\":\"ListItem\",\"position\":1,\"name\":\"Home\",\"item\":\"https:\/\/hearth-movement.rktv.ee\/en\/\"},{\"@type\":\"ListItem\",\"position\":2,\"name\":\"Team\"}]},{\"@type\":\"WebSite\",\"@id\":\"https:\/\/hearth-movement.rktv.ee\/en\/#website\",\"url\":\"https:\/\/hearth-movement.rktv.ee\/en\/\",\"name\":\"Hearth Movement\",\"description\":\"\",\"publisher\":{\"@id\":\"https:\/\/hearth-movement.rktv.ee\/en\/#organization\"},\"potentialAction\":[{\"@type\":\"SearchAction\",\"target\":{\"@type\":\"EntryPoint\",\"urlTemplate\":\"https:\/\/hearth-movement.rktv.ee\/en\/?s={search_term_string}\"},\"query-input\":{\"@type\":\"PropertyValueSpecification\",\"valueRequired\":true,\"valueName\":\"search_term_string\"}}],\"inLanguage\":\"en-US\"},{\"@type\":\"Organization\",\"@id\":\"https:\/\/hearth-movement.rktv.ee\/en\/#organization\",\"name\":\"Hearth Movement\",\"url\":\"https:\/\/hearth-movement.rktv.ee\/en\/\",\"logo\":{\"@type\":\"ImageObject\",\"inLanguage\":\"en-US\",\"@id\":\"https:\/\/hearth-movement.rktv.ee\/en\/#\/schema\/logo\/image\/\",\"url\":\"https:\/\/hearth-movement.rktv.ee\/wp-content\/uploads\/2026\/02\/Vector.svg\",\"contentUrl\":\"https:\/\/hearth-movement.rktv.ee\/wp-content\/uploads\/2026\/02\/Vector.svg\",\"width\":499,\"height\":92,\"caption\":\"Hearth Movement\"},\"image\":{\"@id\":\"https:\/\/hearth-movement.rktv.ee\/en\/#\/schema\/logo\/image\/\"}}]}<\/script>\n<!-- \/ Yoast SEO plugin. -->","yoast_head_json":{"title":"Hearth Movement restoranid \u2013 Lore Bistroo, LEE Brasserie, UMA ja Lessner baar","description":"Avasta LP Hospitality Michelin Guide restoranid Tallinnas \u2013 Lore Bistroo, LEE Brasserie, UMA ja Lessner baar. Broneeri laud ja koge erilisi maitseid!","robots":{"index":"noindex","follow":"follow","max-snippet":"max-snippet:-1","max-image-preview":"max-image-preview:large","max-video-preview":"max-video-preview:-1"},"og_locale":"en_US","og_type":"article","og_title":"Hearth Movement restoranid \u2013 Lore Bistroo, LEE Brasserie, UMA ja Lessner baar","og_description":"Avasta LP Hospitality Michelin Guide restoranid Tallinnas \u2013 Lore Bistroo, LEE Brasserie, UMA ja Lessner baar. Broneeri laud ja koge erilisi maitseid!","og_url":"https:\/\/hearth-movement.rktv.ee\/en\/team\/","og_site_name":"Hearth Movement","article_modified_time":"2026-02-26T12:59:20+00:00","og_image":[{"width":1200,"height":630,"url":"https:\/\/hearth-movement.rktv.ee\/wp-content\/uploads\/2026\/02\/og.png","type":"image\/png"}],"twitter_card":"summary_large_image","schema":{"@context":"https:\/\/schema.org","@graph":[{"@type":"WebPage","@id":"https:\/\/hearth-movement.rktv.ee\/en\/team\/","url":"https:\/\/hearth-movement.rktv.ee\/en\/team\/","name":"Hearth Movement restoranid \u2013 Lore Bistroo, LEE Brasserie, UMA ja Lessner baar","isPartOf":{"@id":"https:\/\/hearth-movement.rktv.ee\/en\/#website"},"datePublished":"2025-05-27T06:10:59+00:00","dateModified":"2026-02-26T12:59:20+00:00","description":"Avasta LP Hospitality Michelin Guide restoranid Tallinnas \u2013 Lore Bistroo, LEE Brasserie, UMA ja Lessner baar. Broneeri laud ja koge erilisi maitseid!","breadcrumb":{"@id":"https:\/\/hearth-movement.rktv.ee\/en\/team\/#breadcrumb"},"inLanguage":"en-US","potentialAction":[{"@type":"ReadAction","target":["https:\/\/hearth-movement.rktv.ee\/en\/team\/"]}]},{"@type":"BreadcrumbList","@id":"https:\/\/hearth-movement.rktv.ee\/en\/team\/#breadcrumb","itemListElement":[{"@type":"ListItem","position":1,"name":"Home","item":"https:\/\/hearth-movement.rktv.ee\/en\/"},{"@type":"ListItem","position":2,"name":"Team"}]},{"@type":"WebSite","@id":"https:\/\/hearth-movement.rktv.ee\/en\/#website","url":"https:\/\/hearth-movement.rktv.ee\/en\/","name":"Hearth Movement","description":"","publisher":{"@id":"https:\/\/hearth-movement.rktv.ee\/en\/#organization"},"potentialAction":[{"@type":"SearchAction","target":{"@type":"EntryPoint","urlTemplate":"https:\/\/hearth-movement.rktv.ee\/en\/?s={search_term_string}"},"query-input":{"@type":"PropertyValueSpecification","valueRequired":true,"valueName":"search_term_string"}}],"inLanguage":"en-US"},{"@type":"Organization","@id":"https:\/\/hearth-movement.rktv.ee\/en\/#organization","name":"Hearth Movement","url":"https:\/\/hearth-movement.rktv.ee\/en\/","logo":{"@type":"ImageObject","inLanguage":"en-US","@id":"https:\/\/hearth-movement.rktv.ee\/en\/#\/schema\/logo\/image\/","url":"https:\/\/hearth-movement.rktv.ee\/wp-content\/uploads\/2026\/02\/Vector.svg","contentUrl":"https:\/\/hearth-movement.rktv.ee\/wp-content\/uploads\/2026\/02\/Vector.svg","width":499,"height":92,"caption":"Hearth Movement"},"image":{"@id":"https:\/\/hearth-movement.rktv.ee\/en\/#\/schema\/logo\/image\/"}}]}},"_links":{"self":[{"href":"https:\/\/hearth-movement.rktv.ee\/en\/wp-json\/wp\/v2\/pages\/1749","targetHints":{"allow":["GET"]}}],"collection":[{"href":"https:\/\/hearth-movement.rktv.ee\/en\/wp-json\/wp\/v2\/pages"}],"about":[{"href":"https:\/\/hearth-movement.rktv.ee\/en\/wp-json\/wp\/v2\/types\/page"}],"author":[{"embeddable":true,"href":"https:\/\/hearth-movement.rktv.ee\/en\/wp-json\/wp\/v2\/users\/1"}],"replies":[{"embeddable":true,"href":"https:\/\/hearth-movement.rktv.ee\/en\/wp-json\/wp\/v2\/comments?post=1749"}],"version-history":[{"count":2,"href":"https:\/\/hearth-movement.rktv.ee\/en\/wp-json\/wp\/v2\/pages\/1749\/revisions"}],"predecessor-version":[{"id":1751,"href":"https:\/\/hearth-movement.rktv.ee\/en\/wp-json\/wp\/v2\/pages\/1749\/revisions\/1751"}],"wp:attachment":[{"href":"https:\/\/hearth-movement.rktv.ee\/en\/wp-json\/wp\/v2\/media?parent=1749"}],"curies":[{"name":"wp","href":"https:\/\/api.w.org\/{rel}","templated":true}]}}