{"id":1755,"date":"2025-05-27T09:12:18","date_gmt":"2025-05-27T06:12:18","guid":{"rendered":"https:\/\/hearth-movement.rktv.ee\/uudised\/"},"modified":"2026-02-26T15:00:16","modified_gmt":"2026-02-26T13:00:16","slug":"news","status":"publish","type":"page","link":"https:\/\/hearth-movement.rktv.ee\/en\/news\/","title":{"rendered":"News"},"content":{"rendered":"\n<section class=\"reflections-block py-64 py-lg-80\" >\n    <div class=\"container\">\n                    <div class=\"intro d-flex flex-column align-items-center fnt-TTTravels\">\n                <h1 style=\"text-align: center;\">Uudised<\/h1>\n<ul>\n<li>HEARTH Movementi teated<\/li>\n<li>projektid ja koost\u00f6\u00f6d<\/li>\n<li>m\u00f5tisklused ja t\u00e4helepanekud<\/li>\n<\/ul>\n            <\/div>\n        \n                    <div class=\"block-content\">\n                <h2 style=\"text-align: center;\">Lorem ipsum dolor sit amet,<br \/>\nconsectetuer adipiscing elit.<\/h2>\n<p>&nbsp;<\/p>\n<p data-start=\"236\" data-end=\"463\">Aenean commodo ligula eget dolor. Aenean massa. Cum sociis natoque penatibus et magnis dis parturient montes, nascetur ridiculus mus. Donec quam felis, ultricies nec, pellentesque eu, pretium quis, sem. Nulla consequat massa quis enim. Donec pede justo, fringilla vel, aliquet nec, vulputate eget, arcu. In enim justo, rhoncus ut, imperdiet a, venenatis vitae, justo. Nullam dictum felis eu pede mollis pretium. Integer tincidunt.<\/p>\n<p>Cras dapibus. Vivamus elementum semper nisi. Aenean vulputate eleifend tellus. Aenean leo ligula, porttitor eu, consequat vitae, eleifend ac, enim. Aliquam lorem ante, dapibus in, viverra quis, feugiat a, tellus. Phasellus viverra nulla ut metus varius laoreet. Quisque rutrum. Aenean imperdiet. Etiam ultricies nisi vel augue. Curabitur ullamcorper ultricies nisi. Nam eget dui. Etiam rhoncus.<\/p>\n            <\/div>\n        \n                    <div class=\"image mt-96 mb-42\">\n                <img loading=\"lazy\" decoding=\"async\" class=\"fade-in\" src=\"https:\/\/hearth-movement.rktv.ee\/wp-content\/uploads\/2026\/02\/PILT-1-2.png\" width=\"1782\" height=\"1204\" alt=\"\" \/>\n            <\/div>\n        \n                    <div class=\"block-link-wrap py-16\">\n                <a class=\"w-100 d-flex align-items-center justify-content-between gap-20\" href=\"https:\/\/ee.linkedin.com\/\" target=\"_blank\">\n                    <span>Loe varasemaid m\u00f5tisklusi Linkedinist<\/span>\n                    <svg xmlns=\"http:\/\/www.w3.org\/2000\/svg\" width=\"51\" height=\"15\" viewBox=\"0 0 51 15\" fill=\"none\">\n                        <path d=\"M50.7071 8.07112C51.0976 7.6806 51.0976 7.04743 50.7071 6.65691L44.3431 0.292946C43.9526 -0.0975785 43.3195 -0.0975785 42.9289 0.292946C42.5384 0.68347 42.5384 1.31664 42.9289 1.70716L48.5858 7.36401L42.9289 13.0209C42.5384 13.4114 42.5384 14.0446 42.9289 14.4351C43.3195 14.8256 43.9526 14.8256 44.3431 14.4351L50.7071 8.07112ZM0 7.36401V8.36401H50V7.36401V6.36401H0V7.36401Z\" fill=\"#48224C\" \/>\n                    <\/svg>\n                <\/a>\n            <\/div>\n            <\/div>\n    <\/div>\n<\/section>\n\n\n<p><\/p>\n","protected":false},"excerpt":{"rendered":"","protected":false},"author":1,"featured_media":0,"parent":0,"menu_order":0,"comment_status":"closed","ping_status":"closed","template":"","meta":{"_acf_changed":false,"footnotes":""},"class_list":["post-1755","page","type-page","status-publish","hentry"],"acf":[],"yoast_head":"<!-- This site is optimized with the Yoast SEO plugin v27.2 - https:\/\/yoast.com\/product\/yoast-seo-wordpress\/ -->\n<title>Kristjan Pe\u00e4ske m\u00f5tisklused restoranimaailmast ja k\u00fclalislahkusest<\/title>\n<meta name=\"description\" content=\"LP Hospitality looja Kristjan Pe\u00e4ske kirjutab elust restoranis ja k\u00fclalislahkusest ausalt, otse ja ilma filtrita - kogemuslood, t\u00e4helepanekud ning vaated seestpoolt.\" \/>\n<meta name=\"robots\" content=\"noindex, follow, max-snippet:-1, max-image-preview:large, max-video-preview:-1\" \/>\n<meta property=\"og:locale\" content=\"en_US\" \/>\n<meta property=\"og:type\" content=\"article\" \/>\n<meta property=\"og:title\" content=\"Kristjan Pe\u00e4ske m\u00f5tisklused restoranimaailmast ja k\u00fclalislahkusest\" \/>\n<meta property=\"og:description\" content=\"LP Hospitality looja Kristjan Pe\u00e4ske kirjutab elust restoranis ja k\u00fclalislahkusest ausalt, otse ja ilma filtrita - kogemuslood, t\u00e4helepanekud ning vaated seestpoolt.\" \/>\n<meta property=\"og:url\" content=\"https:\/\/hearth-movement.rktv.ee\/en\/news\/\" \/>\n<meta property=\"og:site_name\" content=\"Hearth Movement\" \/>\n<meta property=\"article:modified_time\" content=\"2026-02-26T13:00:16+00:00\" \/>\n<meta property=\"og:image\" content=\"https:\/\/hearth-movement.rktv.ee\/wp-content\/uploads\/2026\/02\/og.png\" \/>\n\t<meta property=\"og:image:width\" content=\"1200\" \/>\n\t<meta property=\"og:image:height\" content=\"630\" \/>\n\t<meta property=\"og:image:type\" content=\"image\/png\" \/>\n<meta name=\"twitter:card\" content=\"summary_large_image\" \/>\n<script type=\"application\/ld+json\" class=\"yoast-schema-graph\">{\"@context\":\"https:\/\/schema.org\",\"@graph\":[{\"@type\":\"WebPage\",\"@id\":\"https:\/\/hearth-movement.rktv.ee\/en\/news\/\",\"url\":\"https:\/\/hearth-movement.rktv.ee\/en\/news\/\",\"name\":\"Kristjan Pe\u00e4ske m\u00f5tisklused restoranimaailmast ja k\u00fclalislahkusest\",\"isPartOf\":{\"@id\":\"https:\/\/hearth-movement.rktv.ee\/en\/#website\"},\"datePublished\":\"2025-05-27T06:12:18+00:00\",\"dateModified\":\"2026-02-26T13:00:16+00:00\",\"description\":\"LP Hospitality looja Kristjan Pe\u00e4ske kirjutab elust restoranis ja k\u00fclalislahkusest ausalt, otse ja ilma filtrita - kogemuslood, t\u00e4helepanekud ning vaated seestpoolt.\",\"breadcrumb\":{\"@id\":\"https:\/\/hearth-movement.rktv.ee\/en\/news\/#breadcrumb\"},\"inLanguage\":\"en-US\",\"potentialAction\":[{\"@type\":\"ReadAction\",\"target\":[\"https:\/\/hearth-movement.rktv.ee\/en\/news\/\"]}]},{\"@type\":\"BreadcrumbList\",\"@id\":\"https:\/\/hearth-movement.rktv.ee\/en\/news\/#breadcrumb\",\"itemListElement\":[{\"@type\":\"ListItem\",\"position\":1,\"name\":\"Home\",\"item\":\"https:\/\/hearth-movement.rktv.ee\/en\/\"},{\"@type\":\"ListItem\",\"position\":2,\"name\":\"News\"}]},{\"@type\":\"WebSite\",\"@id\":\"https:\/\/hearth-movement.rktv.ee\/en\/#website\",\"url\":\"https:\/\/hearth-movement.rktv.ee\/en\/\",\"name\":\"Hearth Movement\",\"description\":\"\",\"publisher\":{\"@id\":\"https:\/\/hearth-movement.rktv.ee\/en\/#organization\"},\"potentialAction\":[{\"@type\":\"SearchAction\",\"target\":{\"@type\":\"EntryPoint\",\"urlTemplate\":\"https:\/\/hearth-movement.rktv.ee\/en\/?s={search_term_string}\"},\"query-input\":{\"@type\":\"PropertyValueSpecification\",\"valueRequired\":true,\"valueName\":\"search_term_string\"}}],\"inLanguage\":\"en-US\"},{\"@type\":\"Organization\",\"@id\":\"https:\/\/hearth-movement.rktv.ee\/en\/#organization\",\"name\":\"Hearth Movement\",\"url\":\"https:\/\/hearth-movement.rktv.ee\/en\/\",\"logo\":{\"@type\":\"ImageObject\",\"inLanguage\":\"en-US\",\"@id\":\"https:\/\/hearth-movement.rktv.ee\/en\/#\/schema\/logo\/image\/\",\"url\":\"https:\/\/hearth-movement.rktv.ee\/wp-content\/uploads\/2026\/02\/Vector.svg\",\"contentUrl\":\"https:\/\/hearth-movement.rktv.ee\/wp-content\/uploads\/2026\/02\/Vector.svg\",\"width\":499,\"height\":92,\"caption\":\"Hearth Movement\"},\"image\":{\"@id\":\"https:\/\/hearth-movement.rktv.ee\/en\/#\/schema\/logo\/image\/\"}}]}<\/script>\n<!-- \/ Yoast SEO plugin. -->","yoast_head_json":{"title":"Kristjan Pe\u00e4ske m\u00f5tisklused restoranimaailmast ja k\u00fclalislahkusest","description":"LP Hospitality looja Kristjan Pe\u00e4ske kirjutab elust restoranis ja k\u00fclalislahkusest ausalt, otse ja ilma filtrita - kogemuslood, t\u00e4helepanekud ning vaated seestpoolt.","robots":{"index":"noindex","follow":"follow","max-snippet":"max-snippet:-1","max-image-preview":"max-image-preview:large","max-video-preview":"max-video-preview:-1"},"og_locale":"en_US","og_type":"article","og_title":"Kristjan Pe\u00e4ske m\u00f5tisklused restoranimaailmast ja k\u00fclalislahkusest","og_description":"LP Hospitality looja Kristjan Pe\u00e4ske kirjutab elust restoranis ja k\u00fclalislahkusest ausalt, otse ja ilma filtrita - kogemuslood, t\u00e4helepanekud ning vaated seestpoolt.","og_url":"https:\/\/hearth-movement.rktv.ee\/en\/news\/","og_site_name":"Hearth Movement","article_modified_time":"2026-02-26T13:00:16+00:00","og_image":[{"width":1200,"height":630,"url":"https:\/\/hearth-movement.rktv.ee\/wp-content\/uploads\/2026\/02\/og.png","type":"image\/png"}],"twitter_card":"summary_large_image","schema":{"@context":"https:\/\/schema.org","@graph":[{"@type":"WebPage","@id":"https:\/\/hearth-movement.rktv.ee\/en\/news\/","url":"https:\/\/hearth-movement.rktv.ee\/en\/news\/","name":"Kristjan Pe\u00e4ske m\u00f5tisklused restoranimaailmast ja k\u00fclalislahkusest","isPartOf":{"@id":"https:\/\/hearth-movement.rktv.ee\/en\/#website"},"datePublished":"2025-05-27T06:12:18+00:00","dateModified":"2026-02-26T13:00:16+00:00","description":"LP Hospitality looja Kristjan Pe\u00e4ske kirjutab elust restoranis ja k\u00fclalislahkusest ausalt, otse ja ilma filtrita - kogemuslood, t\u00e4helepanekud ning vaated seestpoolt.","breadcrumb":{"@id":"https:\/\/hearth-movement.rktv.ee\/en\/news\/#breadcrumb"},"inLanguage":"en-US","potentialAction":[{"@type":"ReadAction","target":["https:\/\/hearth-movement.rktv.ee\/en\/news\/"]}]},{"@type":"BreadcrumbList","@id":"https:\/\/hearth-movement.rktv.ee\/en\/news\/#breadcrumb","itemListElement":[{"@type":"ListItem","position":1,"name":"Home","item":"https:\/\/hearth-movement.rktv.ee\/en\/"},{"@type":"ListItem","position":2,"name":"News"}]},{"@type":"WebSite","@id":"https:\/\/hearth-movement.rktv.ee\/en\/#website","url":"https:\/\/hearth-movement.rktv.ee\/en\/","name":"Hearth Movement","description":"","publisher":{"@id":"https:\/\/hearth-movement.rktv.ee\/en\/#organization"},"potentialAction":[{"@type":"SearchAction","target":{"@type":"EntryPoint","urlTemplate":"https:\/\/hearth-movement.rktv.ee\/en\/?s={search_term_string}"},"query-input":{"@type":"PropertyValueSpecification","valueRequired":true,"valueName":"search_term_string"}}],"inLanguage":"en-US"},{"@type":"Organization","@id":"https:\/\/hearth-movement.rktv.ee\/en\/#organization","name":"Hearth Movement","url":"https:\/\/hearth-movement.rktv.ee\/en\/","logo":{"@type":"ImageObject","inLanguage":"en-US","@id":"https:\/\/hearth-movement.rktv.ee\/en\/#\/schema\/logo\/image\/","url":"https:\/\/hearth-movement.rktv.ee\/wp-content\/uploads\/2026\/02\/Vector.svg","contentUrl":"https:\/\/hearth-movement.rktv.ee\/wp-content\/uploads\/2026\/02\/Vector.svg","width":499,"height":92,"caption":"Hearth Movement"},"image":{"@id":"https:\/\/hearth-movement.rktv.ee\/en\/#\/schema\/logo\/image\/"}}]}},"_links":{"self":[{"href":"https:\/\/hearth-movement.rktv.ee\/en\/wp-json\/wp\/v2\/pages\/1755","targetHints":{"allow":["GET"]}}],"collection":[{"href":"https:\/\/hearth-movement.rktv.ee\/en\/wp-json\/wp\/v2\/pages"}],"about":[{"href":"https:\/\/hearth-movement.rktv.ee\/en\/wp-json\/wp\/v2\/types\/page"}],"author":[{"embeddable":true,"href":"https:\/\/hearth-movement.rktv.ee\/en\/wp-json\/wp\/v2\/users\/1"}],"replies":[{"embeddable":true,"href":"https:\/\/hearth-movement.rktv.ee\/en\/wp-json\/wp\/v2\/comments?post=1755"}],"version-history":[{"count":2,"href":"https:\/\/hearth-movement.rktv.ee\/en\/wp-json\/wp\/v2\/pages\/1755\/revisions"}],"predecessor-version":[{"id":1757,"href":"https:\/\/hearth-movement.rktv.ee\/en\/wp-json\/wp\/v2\/pages\/1755\/revisions\/1757"}],"wp:attachment":[{"href":"https:\/\/hearth-movement.rktv.ee\/en\/wp-json\/wp\/v2\/media?parent=1755"}],"curies":[{"name":"wp","href":"https:\/\/api.w.org\/{rel}","templated":true}]}}