{"id":1829,"date":"2025-05-27T09:11:34","date_gmt":"2025-05-27T06:11:34","guid":{"rendered":"https:\/\/hearth-movement.rktv.ee\/teenused-lahendused\/"},"modified":"2026-03-02T09:50:59","modified_gmt":"2026-03-02T07:50:59","slug":"services-solutions","status":"publish","type":"page","link":"https:\/\/hearth-movement.rktv.ee\/en\/services-solutions\/","title":{"rendered":"Services \/ solutions"},"content":{"rendered":"\n<section class=\"text-image-block overflow-hidden layout-type-column less-padding-top larger-text no-image\"  >\n    <div class=\"container\">\n        <div class=\"row flex-column flex-column-reverse gap-lg-140 gap-24\">\n            <div class=\"text d-flex align-items-center col-12\">\n                <div class=\"text-wrapper w-100\">\n                    <h1>Teenused \/ lahendused<\/h1>\n<p><strong>IGA TEGEVUS LOOB RUUMI<\/strong><\/p>\n<ul>\n<li>eneseteadlikkuse kasvuks<\/li>\n<li>ausateks vestlusteks<\/li>\n<li>uute mustrite kujunemiseks<\/li>\n<\/ul>\n<p>&nbsp;<\/p>\n<p><strong>MEIE TEGEVUSED PAIKNEVAD SKAALADEL<\/strong><\/p>\n\n                                            <ul class=\"double-arrow-list m-0\">\n                                                                                            <li>\n                                    <span>Healing<\/span>\n                                    <svg xmlns=\"http:\/\/www.w3.org\/2000\/svg\" width=\"38\" height=\"11\" viewBox=\"0 0 38 11\" fill=\"none\">\n                                        <path d=\"M0.212924 4.8389C-0.0709535 5.12278 -0.0709535 5.58303 0.212924 5.86691L4.83897 10.493C5.12285 10.7768 5.5831 10.7768 5.86698 10.493C6.15086 10.2091 6.15086 9.74882 5.86698 9.46495L1.75494 5.35291L5.86698 1.24086C6.15086 0.956988 6.15086 0.496732 5.86698 0.212855C5.5831 -0.0710225 5.12285 -0.0710225 4.83897 0.212855L0.212924 4.8389ZM37.6951 5.86691C37.979 5.58303 37.979 5.12278 37.6951 4.8389L33.069 0.212855C32.7851 -0.0710225 32.3249 -0.0710225 32.041 0.212855C31.7571 0.496732 31.7571 0.956988 32.041 1.24086L36.1531 5.35291L32.041 9.46495C31.7571 9.74882 31.7571 10.2091 32.041 10.493C32.3249 10.7768 32.7851 10.7768 33.069 10.493L37.6951 5.86691ZM0.726929 5.35291V6.07982H37.1811V5.35291V4.62599H0.726929V5.35291Z\" fill=\"#48224C\" \/>\n                                    <\/svg>\n                                    <span>Creative<\/span>\n                                <\/li>\n                                                                                            <li>\n                                    <span>Concentrated<\/span>\n                                    <svg xmlns=\"http:\/\/www.w3.org\/2000\/svg\" width=\"38\" height=\"11\" viewBox=\"0 0 38 11\" fill=\"none\">\n                                        <path d=\"M0.212924 4.8389C-0.0709535 5.12278 -0.0709535 5.58303 0.212924 5.86691L4.83897 10.493C5.12285 10.7768 5.5831 10.7768 5.86698 10.493C6.15086 10.2091 6.15086 9.74882 5.86698 9.46495L1.75494 5.35291L5.86698 1.24086C6.15086 0.956988 6.15086 0.496732 5.86698 0.212855C5.5831 -0.0710225 5.12285 -0.0710225 4.83897 0.212855L0.212924 4.8389ZM37.6951 5.86691C37.979 5.58303 37.979 5.12278 37.6951 4.8389L33.069 0.212855C32.7851 -0.0710225 32.3249 -0.0710225 32.041 0.212855C31.7571 0.496732 31.7571 0.956988 32.041 1.24086L36.1531 5.35291L32.041 9.46495C31.7571 9.74882 31.7571 10.2091 32.041 10.493C32.3249 10.7768 32.7851 10.7768 33.069 10.493L37.6951 5.86691ZM0.726929 5.35291V6.07982H37.1811V5.35291V4.62599H0.726929V5.35291Z\" fill=\"#48224C\" \/>\n                                    <\/svg>\n                                    <span>Wide open<\/span>\n                                <\/li>\n                                                    <\/ul>\n                    \n                    \n                                    <\/div>\n            <\/div>\n\n                    <\/div>\n    <\/div>\n<\/section>\n\n\n<section class=\"text-image-block overflow-hidden layout-type-default hide-image-in-mobile\"  data-anchor=\"enesearengu-klubi-juhtidele\" >\n    <div class=\"container\">\n        <div class=\"row\">\n            <div class=\"text d-flex align-items-center col col-lg-6 col-12\">\n                <div class=\"text-wrapper w-100\">\n                    <h2>Enesearengu klubi juhtidele<\/h2>\n<p>Regulaarne kohtumispaik juhtidele, kes tahavad areneda inimesena, mitte ainult rollis.<\/p>\n<p><strong>ENESEARENGU KLUBI ON<\/strong><\/p>\n<ul>\n<li>kogukond<\/li>\n<li>harjutusv\u00e4ljak<\/li>\n<li>turvaline ruum aususeks<\/li>\n<\/ul>\n<p><strong>KELLELE<\/strong><\/p>\n<p>Juhid, ettev\u00f5tjad ja otsustajad.<\/p>\n<p><strong>MIKS<\/strong><\/p>\n<p>Juht, kes on \u00fchenduses iseendaga, loob selgemaid otsuseid, tervemaid suhteid ja kestlikumaid tulemusi.<\/p>\n\n                    \n                                            <a class=\"btn fs-32 arrow-link\" href=\"https:\/\/hearth-movement.rktv.ee\/teenused-lahendused\/enesearengu-klubi-juhtidele\/\" target=\"_self\">\n                                                            <svg xmlns=\"http:\/\/www.w3.org\/2000\/svg\" width=\"51\" height=\"15\" viewBox=\"0 0 51 15\" fill=\"none\">\n                                    <path d=\"M50.7071 8.07112C51.0976 7.6806 51.0976 7.04743 50.7071 6.65691L44.3431 0.292946C43.9526 -0.0975785 43.3195 -0.0975785 42.9289 0.292946C42.5384 0.68347 42.5384 1.31664 42.9289 1.70716L48.5858 7.36401L42.9289 13.0209C42.5384 13.4114 42.5384 14.0446 42.9289 14.4351C43.3195 14.8256 43.9526 14.8256 44.3431 14.4351L50.7071 8.07112ZM0 7.36401V8.36401H50V7.36401V6.36401H0V7.36401Z\" fill=\"#48224C\" \/>\n                                <\/svg>\n                                                    <\/a>\n                    \n                                    <\/div>\n            <\/div>\n\n                            <div class=\"image  col col-lg-6 col-12 d-none d-lg-block fade-in fade-in-up mt-lg-0 mt-48\">\n                    <div class=\"image-wrapper position-relative h-100\">\n                        <img loading=\"lazy\" decoding=\"async\" src=\"https:\/\/hearth-movement.rktv.ee\/wp-content\/uploads\/2026\/02\/PILT-1-2-1.png\" width=\"1428\" height=\"1554\" alt=\"\" \/>\n                    <\/div>\n                <\/div>\n                    <\/div>\n    <\/div>\n<\/section>\n\n\n<section class=\"text-image-block overflow-hidden layout-type-reversed hide-image-in-mobile\"  data-anchor=\"mottepartnerlus\" >\n    <div class=\"container\">\n        <div class=\"row flex-row-reverse\">\n            <div class=\"text d-flex align-items-center col col-lg-6 col-12\">\n                <div class=\"text-wrapper w-100\">\n                    <h2>M\u00f5ttepartnerlus<\/h2>\n<p>1:1 v\u00f5i v\u00e4ikeses ringis toimuv s\u00fcgav koost\u00f6\u00f6.<br \/>\nSee ei ole klassikaline coaching.<\/p>\n<p><strong>SEE ON M\u00d5TTEPARTNERLUS INIMESTELE, KES<\/strong><\/p>\n<ul>\n<li>seisavad keeruliste otsuste ees<\/li>\n<li>liiguvad identiteedi v\u00f5i rolli muutuse l\u00e4vel<\/li>\n<li>tahavad ausat ja kohalolevat peegeldust<\/li>\n<\/ul>\n<p><strong>KELLELE<\/strong><\/p>\n<p>Juhid, loojad, v\u00f5tmeisikud.<\/p>\n\n                    \n                                            <a class=\"btn fs-32 arrow-link\" href=\"https:\/\/hearth-movement.rktv.ee\/teenused-lahendused\/mottepartnerlus\/\" target=\"_self\">\n                                                            <svg xmlns=\"http:\/\/www.w3.org\/2000\/svg\" width=\"51\" height=\"15\" viewBox=\"0 0 51 15\" fill=\"none\">\n                                    <path d=\"M50.7071 8.07112C51.0976 7.6806 51.0976 7.04743 50.7071 6.65691L44.3431 0.292946C43.9526 -0.0975785 43.3195 -0.0975785 42.9289 0.292946C42.5384 0.68347 42.5384 1.31664 42.9289 1.70716L48.5858 7.36401L42.9289 13.0209C42.5384 13.4114 42.5384 14.0446 42.9289 14.4351C43.3195 14.8256 43.9526 14.8256 44.3431 14.4351L50.7071 8.07112ZM0 7.36401V8.36401H50V7.36401V6.36401H0V7.36401Z\" fill=\"#48224C\" \/>\n                                <\/svg>\n                                                    <\/a>\n                    \n                                    <\/div>\n            <\/div>\n\n                            <div class=\"image  col col-lg-6 col-12 d-none d-lg-block fade-in fade-in-up mt-lg-0 mt-48\">\n                    <div class=\"image-wrapper position-relative h-100\">\n                        <img loading=\"lazy\" decoding=\"async\" src=\"https:\/\/hearth-movement.rktv.ee\/wp-content\/uploads\/2026\/02\/PILT-2-2.png\" width=\"1454\" height=\"1542\" alt=\"\" \/>\n                    <\/div>\n                <\/div>\n                    <\/div>\n    <\/div>\n<\/section>\n\n\n<section class=\"text-image-block overflow-hidden layout-type-default hide-image-in-mobile\"  data-anchor=\"diagnostika\" >\n    <div class=\"container\">\n        <div class=\"row\">\n            <div class=\"text d-flex align-items-center col col-lg-6 col-12\">\n                <div class=\"text-wrapper w-100\">\n                    <h2>Diagnostika<\/h2>\n<p>Peatumine enne liikumist.<\/p>\n<p><strong>DIAGNOSTIKA AITAB<\/strong><\/p>\n<ul>\n<li>kaardistada hetkeolukorda<\/li>\n<li>tuua n\u00e4htavale varjatud mustreid<\/li>\n<li>luua selgust enne sekkumisi<\/li>\n<\/ul>\n<p><strong>KELLELE<\/strong><\/p>\n<p>Meeskonnad, organisatsioonid, ainuisik.<\/p>\n\n                    \n                                            <a class=\"btn fs-32 arrow-link\" href=\"https:\/\/hearth-movement.rktv.ee\/teenused-lahendused\/diagnostika\/\" target=\"_self\">\n                                                            <svg xmlns=\"http:\/\/www.w3.org\/2000\/svg\" width=\"51\" height=\"15\" viewBox=\"0 0 51 15\" fill=\"none\">\n                                    <path d=\"M50.7071 8.07112C51.0976 7.6806 51.0976 7.04743 50.7071 6.65691L44.3431 0.292946C43.9526 -0.0975785 43.3195 -0.0975785 42.9289 0.292946C42.5384 0.68347 42.5384 1.31664 42.9289 1.70716L48.5858 7.36401L42.9289 13.0209C42.5384 13.4114 42.5384 14.0446 42.9289 14.4351C43.3195 14.8256 43.9526 14.8256 44.3431 14.4351L50.7071 8.07112ZM0 7.36401V8.36401H50V7.36401V6.36401H0V7.36401Z\" fill=\"#48224C\" \/>\n                                <\/svg>\n                                                    <\/a>\n                    \n                                    <\/div>\n            <\/div>\n\n                            <div class=\"image  col col-lg-6 col-12 d-none d-lg-block fade-in fade-in-up mt-lg-0 mt-48\">\n                    <div class=\"image-wrapper position-relative h-100\">\n                        <img loading=\"lazy\" decoding=\"async\" src=\"https:\/\/hearth-movement.rktv.ee\/wp-content\/uploads\/2026\/02\/PILT-3-1.png\" width=\"1426\" height=\"1554\" alt=\"\" \/>\n                    <\/div>\n                <\/div>\n                    <\/div>\n    <\/div>\n<\/section>\n\n\n<section class=\"text-image-block overflow-hidden layout-type-reversed hide-image-in-mobile\"  data-anchor=\"koolitused\" >\n    <div class=\"container\">\n        <div class=\"row flex-row-reverse\">\n            <div class=\"text d-flex align-items-center col col-lg-6 col-12\">\n                <div class=\"text-wrapper w-100\">\n                    <h2>Koolitused<\/h2>\n<p>Kogemuslikud ja reflekteerivad koolitused.<\/p>\n<p><strong>TEEMAD<\/strong><\/p>\n<ul>\n<li>juhtimine kui sisemine praktika<\/li>\n<li>kohalolu ja t\u00e4helepanu<\/li>\n<li>meeskonnad ja usaldus<\/li>\n<\/ul>\n<p><strong>FOOKUS<\/strong><\/p>\n<p>Mitte ainult teadmised, vaid nihked m\u00f5tlemises ja tegutsemises.<\/p>\n\n                    \n                                            <a class=\"btn fs-32 arrow-link\" href=\"https:\/\/hearth-movement.rktv.ee\/teenused-lahendused\/koolitused\/\" target=\"_self\">\n                                                            <svg xmlns=\"http:\/\/www.w3.org\/2000\/svg\" width=\"51\" height=\"15\" viewBox=\"0 0 51 15\" fill=\"none\">\n                                    <path d=\"M50.7071 8.07112C51.0976 7.6806 51.0976 7.04743 50.7071 6.65691L44.3431 0.292946C43.9526 -0.0975785 43.3195 -0.0975785 42.9289 0.292946C42.5384 0.68347 42.5384 1.31664 42.9289 1.70716L48.5858 7.36401L42.9289 13.0209C42.5384 13.4114 42.5384 14.0446 42.9289 14.4351C43.3195 14.8256 43.9526 14.8256 44.3431 14.4351L50.7071 8.07112ZM0 7.36401V8.36401H50V7.36401V6.36401H0V7.36401Z\" fill=\"#48224C\" \/>\n                                <\/svg>\n                                                    <\/a>\n                    \n                                    <\/div>\n            <\/div>\n\n                            <div class=\"image  col col-lg-6 col-12 d-none d-lg-block fade-in fade-in-up mt-lg-0 mt-48\">\n                    <div class=\"image-wrapper position-relative h-100\">\n                        <img loading=\"lazy\" decoding=\"async\" src=\"https:\/\/hearth-movement.rktv.ee\/wp-content\/uploads\/2026\/02\/PILT-4.png\" width=\"1458\" height=\"1554\" alt=\"\" \/>\n                    <\/div>\n                <\/div>\n                    <\/div>\n    <\/div>\n<\/section>","protected":false},"excerpt":{"rendered":"","protected":false},"author":1,"featured_media":0,"parent":0,"menu_order":0,"comment_status":"closed","ping_status":"closed","template":"","meta":{"_acf_changed":false,"footnotes":""},"class_list":["post-1829","page","type-page","status-publish","hentry"],"acf":[],"yoast_head":"<!-- This site is optimized with the Yoast SEO plugin v27.2 - https:\/\/yoast.com\/product\/yoast-seo-wordpress\/ -->\n<title>Teenused \/ lahendused - Hearth Movement<\/title>\n<meta name=\"description\" content=\"Meil on ideaalsed ruumid igaks s\u00fcndmuseks Tallinnas \u2013 s\u00fcnnip\u00e4evad, firmapeod, seminarid, koolitused ja pidulikud \u00f5htus\u00f6\u00f6gid. Korraldame kogu \u00fcrituse: sisustusest, programmist, b\u00e4ndist kuni toidu, veini ja teeninduseni. V\u00f5ta \u00fchendust!\" \/>\n<meta name=\"robots\" content=\"noindex, follow, max-snippet:-1, max-image-preview:large, max-video-preview:-1\" \/>\n<meta property=\"og:locale\" content=\"en_US\" \/>\n<meta property=\"og:type\" content=\"article\" \/>\n<meta property=\"og:title\" content=\"Teenused \/ lahendused - Hearth Movement\" \/>\n<meta property=\"og:description\" content=\"Meil on ideaalsed ruumid igaks s\u00fcndmuseks Tallinnas \u2013 s\u00fcnnip\u00e4evad, firmapeod, seminarid, koolitused ja pidulikud \u00f5htus\u00f6\u00f6gid. Korraldame kogu \u00fcrituse: sisustusest, programmist, b\u00e4ndist kuni toidu, veini ja teeninduseni. V\u00f5ta \u00fchendust!\" \/>\n<meta property=\"og:url\" content=\"https:\/\/hearth-movement.rktv.ee\/en\/services-solutions\/\" \/>\n<meta property=\"og:site_name\" content=\"Hearth Movement\" \/>\n<meta property=\"article:modified_time\" content=\"2026-03-02T07:50:59+00:00\" \/>\n<meta property=\"og:image\" content=\"https:\/\/hearth-movement.rktv.ee\/wp-content\/uploads\/2026\/02\/og.png\" \/>\n\t<meta property=\"og:image:width\" content=\"1200\" \/>\n\t<meta property=\"og:image:height\" content=\"630\" \/>\n\t<meta property=\"og:image:type\" content=\"image\/png\" \/>\n<meta name=\"twitter:card\" content=\"summary_large_image\" \/>\n<script type=\"application\/ld+json\" class=\"yoast-schema-graph\">{\"@context\":\"https:\/\/schema.org\",\"@graph\":[{\"@type\":\"WebPage\",\"@id\":\"https:\/\/hearth-movement.rktv.ee\/en\/services-solutions\/\",\"url\":\"https:\/\/hearth-movement.rktv.ee\/en\/services-solutions\/\",\"name\":\"Teenused \/ lahendused - Hearth Movement\",\"isPartOf\":{\"@id\":\"https:\/\/hearth-movement.rktv.ee\/en\/#website\"},\"datePublished\":\"2025-05-27T06:11:34+00:00\",\"dateModified\":\"2026-03-02T07:50:59+00:00\",\"description\":\"Meil on ideaalsed ruumid igaks s\u00fcndmuseks Tallinnas \u2013 s\u00fcnnip\u00e4evad, firmapeod, seminarid, koolitused ja pidulikud \u00f5htus\u00f6\u00f6gid. Korraldame kogu \u00fcrituse: sisustusest, programmist, b\u00e4ndist kuni toidu, veini ja teeninduseni. V\u00f5ta \u00fchendust!\",\"breadcrumb\":{\"@id\":\"https:\/\/hearth-movement.rktv.ee\/en\/services-solutions\/#breadcrumb\"},\"inLanguage\":\"en-US\",\"potentialAction\":[{\"@type\":\"ReadAction\",\"target\":[\"https:\/\/hearth-movement.rktv.ee\/en\/services-solutions\/\"]}]},{\"@type\":\"BreadcrumbList\",\"@id\":\"https:\/\/hearth-movement.rktv.ee\/en\/services-solutions\/#breadcrumb\",\"itemListElement\":[{\"@type\":\"ListItem\",\"position\":1,\"name\":\"Home\",\"item\":\"https:\/\/hearth-movement.rktv.ee\/en\/\"},{\"@type\":\"ListItem\",\"position\":2,\"name\":\"Services \/ solutions\"}]},{\"@type\":\"WebSite\",\"@id\":\"https:\/\/hearth-movement.rktv.ee\/en\/#website\",\"url\":\"https:\/\/hearth-movement.rktv.ee\/en\/\",\"name\":\"Hearth Movement\",\"description\":\"\",\"publisher\":{\"@id\":\"https:\/\/hearth-movement.rktv.ee\/en\/#organization\"},\"potentialAction\":[{\"@type\":\"SearchAction\",\"target\":{\"@type\":\"EntryPoint\",\"urlTemplate\":\"https:\/\/hearth-movement.rktv.ee\/en\/?s={search_term_string}\"},\"query-input\":{\"@type\":\"PropertyValueSpecification\",\"valueRequired\":true,\"valueName\":\"search_term_string\"}}],\"inLanguage\":\"en-US\"},{\"@type\":\"Organization\",\"@id\":\"https:\/\/hearth-movement.rktv.ee\/en\/#organization\",\"name\":\"Hearth Movement\",\"url\":\"https:\/\/hearth-movement.rktv.ee\/en\/\",\"logo\":{\"@type\":\"ImageObject\",\"inLanguage\":\"en-US\",\"@id\":\"https:\/\/hearth-movement.rktv.ee\/en\/#\/schema\/logo\/image\/\",\"url\":\"https:\/\/hearth-movement.rktv.ee\/wp-content\/uploads\/2026\/02\/Vector.svg\",\"contentUrl\":\"https:\/\/hearth-movement.rktv.ee\/wp-content\/uploads\/2026\/02\/Vector.svg\",\"width\":499,\"height\":92,\"caption\":\"Hearth Movement\"},\"image\":{\"@id\":\"https:\/\/hearth-movement.rktv.ee\/en\/#\/schema\/logo\/image\/\"}}]}<\/script>\n<!-- \/ Yoast SEO plugin. -->","yoast_head_json":{"title":"Teenused \/ lahendused - Hearth Movement","description":"Meil on ideaalsed ruumid igaks s\u00fcndmuseks Tallinnas \u2013 s\u00fcnnip\u00e4evad, firmapeod, seminarid, koolitused ja pidulikud \u00f5htus\u00f6\u00f6gid. Korraldame kogu \u00fcrituse: sisustusest, programmist, b\u00e4ndist kuni toidu, veini ja teeninduseni. V\u00f5ta \u00fchendust!","robots":{"index":"noindex","follow":"follow","max-snippet":"max-snippet:-1","max-image-preview":"max-image-preview:large","max-video-preview":"max-video-preview:-1"},"og_locale":"en_US","og_type":"article","og_title":"Teenused \/ lahendused - Hearth Movement","og_description":"Meil on ideaalsed ruumid igaks s\u00fcndmuseks Tallinnas \u2013 s\u00fcnnip\u00e4evad, firmapeod, seminarid, koolitused ja pidulikud \u00f5htus\u00f6\u00f6gid. Korraldame kogu \u00fcrituse: sisustusest, programmist, b\u00e4ndist kuni toidu, veini ja teeninduseni. V\u00f5ta \u00fchendust!","og_url":"https:\/\/hearth-movement.rktv.ee\/en\/services-solutions\/","og_site_name":"Hearth Movement","article_modified_time":"2026-03-02T07:50:59+00:00","og_image":[{"width":1200,"height":630,"url":"https:\/\/hearth-movement.rktv.ee\/wp-content\/uploads\/2026\/02\/og.png","type":"image\/png"}],"twitter_card":"summary_large_image","schema":{"@context":"https:\/\/schema.org","@graph":[{"@type":"WebPage","@id":"https:\/\/hearth-movement.rktv.ee\/en\/services-solutions\/","url":"https:\/\/hearth-movement.rktv.ee\/en\/services-solutions\/","name":"Teenused \/ lahendused - Hearth Movement","isPartOf":{"@id":"https:\/\/hearth-movement.rktv.ee\/en\/#website"},"datePublished":"2025-05-27T06:11:34+00:00","dateModified":"2026-03-02T07:50:59+00:00","description":"Meil on ideaalsed ruumid igaks s\u00fcndmuseks Tallinnas \u2013 s\u00fcnnip\u00e4evad, firmapeod, seminarid, koolitused ja pidulikud \u00f5htus\u00f6\u00f6gid. Korraldame kogu \u00fcrituse: sisustusest, programmist, b\u00e4ndist kuni toidu, veini ja teeninduseni. V\u00f5ta \u00fchendust!","breadcrumb":{"@id":"https:\/\/hearth-movement.rktv.ee\/en\/services-solutions\/#breadcrumb"},"inLanguage":"en-US","potentialAction":[{"@type":"ReadAction","target":["https:\/\/hearth-movement.rktv.ee\/en\/services-solutions\/"]}]},{"@type":"BreadcrumbList","@id":"https:\/\/hearth-movement.rktv.ee\/en\/services-solutions\/#breadcrumb","itemListElement":[{"@type":"ListItem","position":1,"name":"Home","item":"https:\/\/hearth-movement.rktv.ee\/en\/"},{"@type":"ListItem","position":2,"name":"Services \/ solutions"}]},{"@type":"WebSite","@id":"https:\/\/hearth-movement.rktv.ee\/en\/#website","url":"https:\/\/hearth-movement.rktv.ee\/en\/","name":"Hearth Movement","description":"","publisher":{"@id":"https:\/\/hearth-movement.rktv.ee\/en\/#organization"},"potentialAction":[{"@type":"SearchAction","target":{"@type":"EntryPoint","urlTemplate":"https:\/\/hearth-movement.rktv.ee\/en\/?s={search_term_string}"},"query-input":{"@type":"PropertyValueSpecification","valueRequired":true,"valueName":"search_term_string"}}],"inLanguage":"en-US"},{"@type":"Organization","@id":"https:\/\/hearth-movement.rktv.ee\/en\/#organization","name":"Hearth Movement","url":"https:\/\/hearth-movement.rktv.ee\/en\/","logo":{"@type":"ImageObject","inLanguage":"en-US","@id":"https:\/\/hearth-movement.rktv.ee\/en\/#\/schema\/logo\/image\/","url":"https:\/\/hearth-movement.rktv.ee\/wp-content\/uploads\/2026\/02\/Vector.svg","contentUrl":"https:\/\/hearth-movement.rktv.ee\/wp-content\/uploads\/2026\/02\/Vector.svg","width":499,"height":92,"caption":"Hearth Movement"},"image":{"@id":"https:\/\/hearth-movement.rktv.ee\/en\/#\/schema\/logo\/image\/"}}]}},"_links":{"self":[{"href":"https:\/\/hearth-movement.rktv.ee\/en\/wp-json\/wp\/v2\/pages\/1829","targetHints":{"allow":["GET"]}}],"collection":[{"href":"https:\/\/hearth-movement.rktv.ee\/en\/wp-json\/wp\/v2\/pages"}],"about":[{"href":"https:\/\/hearth-movement.rktv.ee\/en\/wp-json\/wp\/v2\/types\/page"}],"author":[{"embeddable":true,"href":"https:\/\/hearth-movement.rktv.ee\/en\/wp-json\/wp\/v2\/users\/1"}],"replies":[{"embeddable":true,"href":"https:\/\/hearth-movement.rktv.ee\/en\/wp-json\/wp\/v2\/comments?post=1829"}],"version-history":[{"count":3,"href":"https:\/\/hearth-movement.rktv.ee\/en\/wp-json\/wp\/v2\/pages\/1829\/revisions"}],"predecessor-version":[{"id":1832,"href":"https:\/\/hearth-movement.rktv.ee\/en\/wp-json\/wp\/v2\/pages\/1829\/revisions\/1832"}],"wp:attachment":[{"href":"https:\/\/hearth-movement.rktv.ee\/en\/wp-json\/wp\/v2\/media?parent=1829"}],"curies":[{"name":"wp","href":"https:\/\/api.w.org\/{rel}","templated":true}]}}