{"id":1838,"date":"2026-03-02T09:44:37","date_gmt":"2026-03-02T07:44:37","guid":{"rendered":"https:\/\/hearth-movement.rktv.ee\/services-solutions\/mottepartnerlus\/"},"modified":"2026-03-02T09:51:36","modified_gmt":"2026-03-02T07:51:36","slug":"mottepartnerlus","status":"publish","type":"page","link":"https:\/\/hearth-movement.rktv.ee\/en\/services-solutions\/mottepartnerlus\/","title":{"rendered":"M\u00f5ttepartnerlus eng"},"content":{"rendered":"\n<section class=\"text-image-block overflow-hidden layout-type-column no-image\"  style=\"background-color: #ddd2fd\">\n    <div class=\"container\">\n        <div class=\"row flex-column flex-column-reverse gap-lg-140 gap-24\">\n            <div class=\"text d-flex align-items-center col-12\">\n                <div class=\"text-wrapper w-100\">\n                    <h2 style=\"text-align: center;\">M\u00f5ttepartnerlus<\/h2>\n<p data-start=\"91\" data-end=\"365\">Hearth sai alguse Mihkli ellu kutsutud juhtimisklubist, kus v\u00e4\u00e4rtusteks on maskid maha, \u00fcks jalg \u00f5hus ja teine maas ning piiride nihutamine. Oleme praktikud ja jagame kogukonnaga teekonda, mis \u00fchendab sisemise selguse ja v\u00e4lise vastutuse \u2014 et juhtimine oleks korraga inimlik ja p\u00e4riselus toimiv.<\/p>\n<p><strong>01 ME OLEME PRAKTIKUD<\/strong><\/p>\n<p>Meil on k\u00e4ed-k\u00fcljes juhtimiskogemus. P\u00f5hitiimi liikmed on ise muutusi vedanud ja ellu viinud \u2014 mitte k\u00f5rvalt n\u00f5ustanud. Meie meeskonna kogemus on jaotunud eri valdkondadesse. Igal meist on oma spetsiifiline taust \u2014 kinnisvaras, t\u00f6\u00f6stuses, p\u00f5llumajanduses ja k\u00fclalislahkuses. See annab meile laia vaate ning aitab hoida t\u00f6\u00f6 praktilisena.<\/p>\n<p>&nbsp;<\/p>\n<p><strong>02 ME \u00dcHENDAME SISEMISE JA V\u00c4LISE T\u00d6\u00d6<\/strong><\/p>\n<p>Me ei tegele ainult strateegia ja struktuuriga ega ainult enesearenguga. Seome sisemise selguse ja v\u00e4lise vastutuse, et otsused ja k\u00e4itumine p\u00e4riselt muutuksid.<\/p>\n<p>&nbsp;<\/p>\n<p><strong>03 TERVIKVAADE<\/strong><\/p>\n<p>Anname suure pildi ja hoiame terviku koos. Kui on vaja s\u00fcvap\u00e4devust, kaasame tippspetsialistidest koost\u00f6\u00f6partnerid. Klient ei pea ise puslet kokku panema.<\/p>\n<p>&nbsp;<\/p>\n<p><strong>04<\/strong><\/p>\n<p>Me v\u00f5tame vastutuse, et t\u00f6\u00f6tame juhtimise ja enesearengu t\u00e4nase parima teadmisega. Me areneme ise, katsetame praktikas ja toome selle kliendini t\u00f6\u00f6viisidena, mis aitavad teha selgemaid otsuseid ja hoida vastutust inimlikult.<\/p>\n<p>&nbsp;<\/p>\n<p><strong>MIS ON MEIE V\u00c4\u00c4RTUSED?<\/strong><\/p>\n<p><strong>Maskid maha<\/strong><br \/>\nHaavatavus ja autentsus.<\/p>\n<p><strong>\u00dcks jalg maas, teine \u00f5hus<\/strong><br \/>\n\u00dchendame m\u00f5istuse ja s\u00fcdame. Iseenda, teiste ja suurema tervikuga.<\/p>\n<p><strong>Nihutame piire<\/strong><br \/>\nTeeme ruumi ebamugavatele k\u00fcsimustele.<\/p>\n\n                    \n                    \n                                    <\/div>\n            <\/div>\n\n                    <\/div>\n    <\/div>\n<\/section>","protected":false},"excerpt":{"rendered":"","protected":false},"author":1,"featured_media":0,"parent":1829,"menu_order":0,"comment_status":"closed","ping_status":"closed","template":"","meta":{"_acf_changed":false,"footnotes":""},"class_list":["post-1838","page","type-page","status-publish","hentry"],"acf":[],"yoast_head":"<!-- This site is optimized with the Yoast SEO plugin v27.2 - https:\/\/yoast.com\/product\/yoast-seo-wordpress\/ -->\n<title>M\u00f5ttepartnerlus eng - Hearth Movement<\/title>\n<meta name=\"robots\" content=\"noindex, follow, max-snippet:-1, max-image-preview:large, max-video-preview:-1\" \/>\n<meta property=\"og:locale\" content=\"en_US\" \/>\n<meta property=\"og:type\" content=\"article\" \/>\n<meta property=\"og:title\" content=\"M\u00f5ttepartnerlus eng - Hearth Movement\" \/>\n<meta property=\"og:url\" content=\"https:\/\/hearth-movement.rktv.ee\/en\/services-solutions\/mottepartnerlus\/\" \/>\n<meta property=\"og:site_name\" content=\"Hearth Movement\" \/>\n<meta property=\"article:modified_time\" content=\"2026-03-02T07:51:36+00:00\" \/>\n<meta property=\"og:image\" content=\"https:\/\/hearth-movement.rktv.ee\/wp-content\/uploads\/2026\/02\/og.png\" \/>\n\t<meta property=\"og:image:width\" content=\"1200\" \/>\n\t<meta property=\"og:image:height\" content=\"630\" \/>\n\t<meta property=\"og:image:type\" content=\"image\/png\" \/>\n<meta name=\"twitter:card\" content=\"summary_large_image\" \/>\n<script type=\"application\/ld+json\" class=\"yoast-schema-graph\">{\"@context\":\"https:\/\/schema.org\",\"@graph\":[{\"@type\":\"WebPage\",\"@id\":\"https:\/\/hearth-movement.rktv.ee\/en\/services-solutions\/mottepartnerlus\/\",\"url\":\"https:\/\/hearth-movement.rktv.ee\/en\/services-solutions\/mottepartnerlus\/\",\"name\":\"M\u00f5ttepartnerlus eng - Hearth Movement\",\"isPartOf\":{\"@id\":\"https:\/\/hearth-movement.rktv.ee\/en\/#website\"},\"datePublished\":\"2026-03-02T07:44:37+00:00\",\"dateModified\":\"2026-03-02T07:51:36+00:00\",\"breadcrumb\":{\"@id\":\"https:\/\/hearth-movement.rktv.ee\/en\/services-solutions\/mottepartnerlus\/#breadcrumb\"},\"inLanguage\":\"en-US\",\"potentialAction\":[{\"@type\":\"ReadAction\",\"target\":[\"https:\/\/hearth-movement.rktv.ee\/en\/services-solutions\/mottepartnerlus\/\"]}]},{\"@type\":\"BreadcrumbList\",\"@id\":\"https:\/\/hearth-movement.rktv.ee\/en\/services-solutions\/mottepartnerlus\/#breadcrumb\",\"itemListElement\":[{\"@type\":\"ListItem\",\"position\":1,\"name\":\"Home\",\"item\":\"https:\/\/hearth-movement.rktv.ee\/en\/\"},{\"@type\":\"ListItem\",\"position\":2,\"name\":\"Services \/ solutions\",\"item\":\"https:\/\/hearth-movement.rktv.ee\/en\/services-solutions\/\"},{\"@type\":\"ListItem\",\"position\":3,\"name\":\"M\u00f5ttepartnerlus eng\"}]},{\"@type\":\"WebSite\",\"@id\":\"https:\/\/hearth-movement.rktv.ee\/en\/#website\",\"url\":\"https:\/\/hearth-movement.rktv.ee\/en\/\",\"name\":\"Hearth Movement\",\"description\":\"\",\"publisher\":{\"@id\":\"https:\/\/hearth-movement.rktv.ee\/en\/#organization\"},\"potentialAction\":[{\"@type\":\"SearchAction\",\"target\":{\"@type\":\"EntryPoint\",\"urlTemplate\":\"https:\/\/hearth-movement.rktv.ee\/en\/?s={search_term_string}\"},\"query-input\":{\"@type\":\"PropertyValueSpecification\",\"valueRequired\":true,\"valueName\":\"search_term_string\"}}],\"inLanguage\":\"en-US\"},{\"@type\":\"Organization\",\"@id\":\"https:\/\/hearth-movement.rktv.ee\/en\/#organization\",\"name\":\"Hearth Movement\",\"url\":\"https:\/\/hearth-movement.rktv.ee\/en\/\",\"logo\":{\"@type\":\"ImageObject\",\"inLanguage\":\"en-US\",\"@id\":\"https:\/\/hearth-movement.rktv.ee\/en\/#\/schema\/logo\/image\/\",\"url\":\"https:\/\/hearth-movement.rktv.ee\/wp-content\/uploads\/2026\/02\/Vector.svg\",\"contentUrl\":\"https:\/\/hearth-movement.rktv.ee\/wp-content\/uploads\/2026\/02\/Vector.svg\",\"width\":499,\"height\":92,\"caption\":\"Hearth Movement\"},\"image\":{\"@id\":\"https:\/\/hearth-movement.rktv.ee\/en\/#\/schema\/logo\/image\/\"}}]}<\/script>\n<!-- \/ Yoast SEO plugin. -->","yoast_head_json":{"title":"M\u00f5ttepartnerlus eng - Hearth Movement","robots":{"index":"noindex","follow":"follow","max-snippet":"max-snippet:-1","max-image-preview":"max-image-preview:large","max-video-preview":"max-video-preview:-1"},"og_locale":"en_US","og_type":"article","og_title":"M\u00f5ttepartnerlus eng - Hearth Movement","og_url":"https:\/\/hearth-movement.rktv.ee\/en\/services-solutions\/mottepartnerlus\/","og_site_name":"Hearth Movement","article_modified_time":"2026-03-02T07:51:36+00:00","og_image":[{"width":1200,"height":630,"url":"https:\/\/hearth-movement.rktv.ee\/wp-content\/uploads\/2026\/02\/og.png","type":"image\/png"}],"twitter_card":"summary_large_image","schema":{"@context":"https:\/\/schema.org","@graph":[{"@type":"WebPage","@id":"https:\/\/hearth-movement.rktv.ee\/en\/services-solutions\/mottepartnerlus\/","url":"https:\/\/hearth-movement.rktv.ee\/en\/services-solutions\/mottepartnerlus\/","name":"M\u00f5ttepartnerlus eng - Hearth Movement","isPartOf":{"@id":"https:\/\/hearth-movement.rktv.ee\/en\/#website"},"datePublished":"2026-03-02T07:44:37+00:00","dateModified":"2026-03-02T07:51:36+00:00","breadcrumb":{"@id":"https:\/\/hearth-movement.rktv.ee\/en\/services-solutions\/mottepartnerlus\/#breadcrumb"},"inLanguage":"en-US","potentialAction":[{"@type":"ReadAction","target":["https:\/\/hearth-movement.rktv.ee\/en\/services-solutions\/mottepartnerlus\/"]}]},{"@type":"BreadcrumbList","@id":"https:\/\/hearth-movement.rktv.ee\/en\/services-solutions\/mottepartnerlus\/#breadcrumb","itemListElement":[{"@type":"ListItem","position":1,"name":"Home","item":"https:\/\/hearth-movement.rktv.ee\/en\/"},{"@type":"ListItem","position":2,"name":"Services \/ solutions","item":"https:\/\/hearth-movement.rktv.ee\/en\/services-solutions\/"},{"@type":"ListItem","position":3,"name":"M\u00f5ttepartnerlus eng"}]},{"@type":"WebSite","@id":"https:\/\/hearth-movement.rktv.ee\/en\/#website","url":"https:\/\/hearth-movement.rktv.ee\/en\/","name":"Hearth Movement","description":"","publisher":{"@id":"https:\/\/hearth-movement.rktv.ee\/en\/#organization"},"potentialAction":[{"@type":"SearchAction","target":{"@type":"EntryPoint","urlTemplate":"https:\/\/hearth-movement.rktv.ee\/en\/?s={search_term_string}"},"query-input":{"@type":"PropertyValueSpecification","valueRequired":true,"valueName":"search_term_string"}}],"inLanguage":"en-US"},{"@type":"Organization","@id":"https:\/\/hearth-movement.rktv.ee\/en\/#organization","name":"Hearth Movement","url":"https:\/\/hearth-movement.rktv.ee\/en\/","logo":{"@type":"ImageObject","inLanguage":"en-US","@id":"https:\/\/hearth-movement.rktv.ee\/en\/#\/schema\/logo\/image\/","url":"https:\/\/hearth-movement.rktv.ee\/wp-content\/uploads\/2026\/02\/Vector.svg","contentUrl":"https:\/\/hearth-movement.rktv.ee\/wp-content\/uploads\/2026\/02\/Vector.svg","width":499,"height":92,"caption":"Hearth Movement"},"image":{"@id":"https:\/\/hearth-movement.rktv.ee\/en\/#\/schema\/logo\/image\/"}}]}},"_links":{"self":[{"href":"https:\/\/hearth-movement.rktv.ee\/en\/wp-json\/wp\/v2\/pages\/1838","targetHints":{"allow":["GET"]}}],"collection":[{"href":"https:\/\/hearth-movement.rktv.ee\/en\/wp-json\/wp\/v2\/pages"}],"about":[{"href":"https:\/\/hearth-movement.rktv.ee\/en\/wp-json\/wp\/v2\/types\/page"}],"author":[{"embeddable":true,"href":"https:\/\/hearth-movement.rktv.ee\/en\/wp-json\/wp\/v2\/users\/1"}],"replies":[{"embeddable":true,"href":"https:\/\/hearth-movement.rktv.ee\/en\/wp-json\/wp\/v2\/comments?post=1838"}],"version-history":[{"count":2,"href":"https:\/\/hearth-movement.rktv.ee\/en\/wp-json\/wp\/v2\/pages\/1838\/revisions"}],"predecessor-version":[{"id":1840,"href":"https:\/\/hearth-movement.rktv.ee\/en\/wp-json\/wp\/v2\/pages\/1838\/revisions\/1840"}],"up":[{"embeddable":true,"href":"https:\/\/hearth-movement.rktv.ee\/en\/wp-json\/wp\/v2\/pages\/1829"}],"wp:attachment":[{"href":"https:\/\/hearth-movement.rktv.ee\/en\/wp-json\/wp\/v2\/media?parent=1838"}],"curies":[{"name":"wp","href":"https:\/\/api.w.org\/{rel}","templated":true}]}}